{"id":11041,"date":"2015-03-18T06:06:48","date_gmt":"2015-03-18T05:06:48","guid":{"rendered":"http:\/\/billio-demo.detheme.com\/?page_id=11041"},"modified":"2025-08-06T13:55:06","modified_gmt":"2025-08-06T11:55:06","slug":"realisations","status":"publish","type":"page","link":"https:\/\/www.conceptole.fr\/bureau-etude-tolerie-industrielle-montpellier\/realisations\/","title":{"rendered":"Nos r\u00e9alisation &#8211; obsol\u00e8te"},"content":{"rendered":"<p>[vc_row background_style=\u00a0\u00bbcover\u00a0\u00bb css=\u00a0\u00bb.vc_custom_1427792769516{margin-top: 30px !important;}\u00a0\u00bb][vc_column][vc_column_text]<\/p>\n<h1>Prototypes et s\u00e9ries<\/h1>\n<p>Des \u00e9quipements performants nous permettent de concevoir et fabriquer des pi\u00e8ces complexes, du prototype \u00e0 la s\u00e9rie.<br \/>\nArmoires t\u00e9l\u00e9coms, mobilier urbain, \u00e9quipement m\u00e9dical, viticole, signal\u00e9tique, design, habillage machines, bornes &#8230;[\/vc_column_text][\/vc_column][\/vc_row][vc_row background_style=\u00a0\u00bbcover\u00a0\u00bb css=\u00a0\u00bb.vc_custom_1427854157468{margin-top: 30px !important;}\u00a0\u00bb][vc_column width=\u00a0\u00bb1\/3&Prime;][vc_single_image image=\u00a0\u00bb13989&Prime; img_size=\u00a0\u00bbfull\u00a0\u00bb alignment=\u00a0\u00bbcenter\u00a0\u00bb onclick=\u00a0\u00bbcustom_link\u00a0\u00bb title=\u00a0\u00bb\u2b07 M\u00e9dical \u2b07\u00a0\u00bb link=\u00a0\u00bbhttps:\/\/www.conceptole.fr\/bureau-etude-tolerie-industrielle-montpellier\/meuble-specifique\/\u00a0\u00bb][vc_empty_space][\/vc_column][vc_column width=\u00a0\u00bb1\/3&Prime;][vc_single_image image=\u00a0\u00bb13975&Prime; img_size=\u00a0\u00bbfull\u00a0\u00bb alignment=\u00a0\u00bbcenter\u00a0\u00bb onclick=\u00a0\u00bbcustom_link\u00a0\u00bb title=\u00a0\u00bb\u2b07 Viticole \u2b07\u00a0\u00bb link=\u00a0\u00bbhttps:\/\/www.conceptole.fr\/bureau-etude-tolerie-industrielle-montpellier\/viticole\/\u00a0\u00bb][\/vc_column][vc_column width=\u00a0\u00bb1\/3&Prime;][vc_single_image image=\u00a0\u00bb13976&Prime; img_size=\u00a0\u00bbfull\u00a0\u00bb alignment=\u00a0\u00bbcenter\u00a0\u00bb onclick=\u00a0\u00bbcustom_link\u00a0\u00bb title=\u00a0\u00bb\u2b07 Baie 19 \u2b07\u00a0\u00bb link=\u00a0\u00bbhttps:\/\/www.conceptole.fr\/bureau-etude-tolerie-industrielle-montpellier\/baie-19-pouces\/\u00a0\u00bb][\/vc_column][\/vc_row][vc_row background_style=\u00a0\u00bbcover\u00a0\u00bb css=\u00a0\u00bb.vc_custom_1427854157468{margin-top: 30px !important;}\u00a0\u00bb][vc_column width=\u00a0\u00bb1\/3&Prime;][vc_single_image image=\u00a0\u00bb13982&Prime; img_size=\u00a0\u00bbfull\u00a0\u00bb alignment=\u00a0\u00bbcenter\u00a0\u00bb onclick=\u00a0\u00bbcustom_link\u00a0\u00bb title=\u00a0\u00bb\u2b07 Bornes \u2b07\u00a0\u00bb link=\u00a0\u00bbhttps:\/\/www.conceptole.fr\/bureau-etude-tolerie-industrielle-montpellier\/bornes\/\u00a0\u00bb][vc_empty_space][\/vc_column][vc_column width=\u00a0\u00bb1\/3&Prime;][vc_single_image image=\u00a0\u00bb13979&Prime; img_size=\u00a0\u00bbfull\u00a0\u00bb alignment=\u00a0\u00bbcenter\u00a0\u00bb onclick=\u00a0\u00bbcustom_link\u00a0\u00bb title=\u00a0\u00bb\u2b07 Design \u2b07\u00a0\u00bb link=\u00a0\u00bbhttps:\/\/www.conceptole.fr\/bureau-etude-tolerie-industrielle-montpellier\/design\/\u00a0\u00bb][\/vc_column][vc_column width=\u00a0\u00bb1\/3&Prime;][vc_single_image image=\u00a0\u00bb13984&Prime; img_size=\u00a0\u00bbfull\u00a0\u00bb alignment=\u00a0\u00bbcenter\u00a0\u00bb onclick=\u00a0\u00bbcustom_link\u00a0\u00bb title=\u00a0\u00bb\u2b07 Armoire T\u00e9l\u00e9com \u2b07\u00a0\u00bb link=\u00a0\u00bbhttps:\/\/www.conceptole.fr\/bureau-etude-tolerie-industrielle-montpellier\/armoires-telecom\/\u00a0\u00bb][\/vc_column][\/vc_row][vc_row background_style=\u00a0\u00bbcover\u00a0\u00bb css=\u00a0\u00bb.vc_custom_1427854157468{margin-top: 30px !important;}\u00a0\u00bb][vc_column width=\u00a0\u00bb1\/3&Prime;][vc_single_image image=\u00a0\u00bb13985&Prime; img_size=\u00a0\u00bbfull\u00a0\u00bb alignment=\u00a0\u00bbcenter\u00a0\u00bb onclick=\u00a0\u00bbcustom_link\u00a0\u00bb title=\u00a0\u00bb\u2b07 Signal\u00e9tique \u2b07\u00a0\u00bb link=\u00a0\u00bbhttps:\/\/www.conceptole.fr\/bureau-etude-tolerie-industrielle-montpellier\/signaletique\/\u00a0\u00bb][vc_empty_space][\/vc_column][vc_column width=\u00a0\u00bb1\/3&Prime;][vc_single_image image=\u00a0\u00bb13986&Prime; img_size=\u00a0\u00bbfull\u00a0\u00bb alignment=\u00a0\u00bbcenter\u00a0\u00bb onclick=\u00a0\u00bbcustom_link\u00a0\u00bb title=\u00a0\u00bb\u2b07 Enveloppe Machine \u2b07\u00a0\u00bb link=\u00a0\u00bbhttps:\/\/www.conceptole.fr\/bureau-etude-tolerie-industrielle-montpellier\/enveloppe-machine\/\u00a0\u00bb][\/vc_column][vc_column width=\u00a0\u00bb1\/3&Prime;][vc_single_image image=\u00a0\u00bb13987&Prime; img_size=\u00a0\u00bbfull\u00a0\u00bb alignment=\u00a0\u00bbcenter\u00a0\u00bb onclick=\u00a0\u00bbcustom_link\u00a0\u00bb title=\u00a0\u00bb\u2b07 Mobilier Urbain \u2b07\u00a0\u00bb link=\u00a0\u00bbhttps:\/\/www.conceptole.fr\/bureau-etude-tolerie-industrielle-montpellier\/mobilier-urbain\/\u00a0\u00bb][\/vc_column][\/vc_row][vc_row background_style=\u00a0\u00bbcover\u00a0\u00bb css=\u00a0\u00bb.vc_custom_1427855420063{margin-bottom: 0px !important;padding-bottom: 0px !important;}\u00a0\u00bb][vc_column][vc_row_inner css=\u00a0\u00bb.vc_custom_1427943534694{margin-bottom: 0px !important;background-image: url(https:\/\/www.conceptole.fr\/bureau-etude-tolerie-industrielle-montpellier\/wp-content\/uploads\/2014\/01\/6.jpg) !important;}\u00a0\u00bb][vc_column_inner width=\u00a0\u00bb3\/4&Prime; css=\u00a0\u00bb.vc_custom_1427855081074{padding-top: 40px !important;padding-left: 40px !important;}\u00a0\u00bb][vc_column_text]<\/p>\n<h2><span class=\"primary_color_text\">Contactez-nous pour un devis<br \/>\n<\/span><\/h2>\n<p><span style=\"color: #ffffff;\">\u00a0<\/span><\/p>\n<p><a href=\"http:\/\/www.conceptole.fr\/bureau-etude-tolerie-industrielle-montpellier\/contactez-nous\/\" class=\"btn btn-lg btn-ghost skin-light\" target=\"_self\">CONTACTEZ-NOUS<\/a>[\/vc_column_text][vc_empty_space][\/vc_column_inner][vc_column_inner width=\u00a0\u00bb1\/4&Prime; css=\u00a0\u00bb.vc_custom_1427855101862{padding-top: 15px !important;padding-bottom: 0px !important;}\u00a0\u00bb][vc_single_image image=\u00a0\u00bb12891&Prime; img_size=\u00a0\u00bb188&#215;254&Prime; alignment=\u00a0\u00bbcenter\u00a0\u00bb css=\u00a0\u00bb.vc_custom_1517261756799{padding-bottom: 0px !important;}\u00a0\u00bb][\/vc_column_inner][\/vc_row_inner][\/vc_column][\/vc_row]<\/p>\n","protected":false},"excerpt":{"rendered":"<p>[vc_row background_style=\u00a0\u00bbcover\u00a0\u00bb css=\u00a0\u00bb.vc_custom_1427792769516{margin-top: 30px !important;}\u00a0\u00bb][vc_column][vc_column_text] Prototypes et s\u00e9ries Des \u00e9quipements performants nous permettent de concevoir et fabriquer des pi\u00e8ces complexes, du prototype \u00e0 la s\u00e9rie. Armoires t\u00e9l\u00e9coms, mobilier urbain, \u00e9quipement m\u00e9dical, viticole, signal\u00e9tique, design, habillage machines, bornes &#8230;[\/vc_column_text][\/vc_column][\/vc_row][vc_row background_style=\u00a0\u00bbcover\u00a0\u00bb css=\u00a0\u00bb.vc_custom_1427854157468{margin-top: 30px !important;}\u00a0\u00bb][vc_column width=\u00a0\u00bb1\/3&Prime;][vc_single_image image=\u00a0\u00bb13989&Prime; img_size=\u00a0\u00bbfull\u00a0\u00bb alignment=\u00a0\u00bbcenter\u00a0\u00bb onclick=\u00a0\u00bbcustom_link\u00a0\u00bb title=\u00a0\u00bb\u2b07 M\u00e9dical \u2b07\u00a0\u00bb link=\u00a0\u00bbhttps:\/\/www.conceptole.fr\/bureau-etude-tolerie-industrielle-montpellier\/meuble-specifique\/\u00a0\u00bb][vc_empty_space][\/vc_column][vc_column width=\u00a0\u00bb1\/3&Prime;][vc_single_image image=\u00a0\u00bb13975&Prime; img_size=\u00a0\u00bbfull\u00a0\u00bb alignment=\u00a0\u00bbcenter\u00a0\u00bb&hellip;<\/p>\n","protected":false},"author":1,"featured_media":0,"parent":0,"menu_order":0,"comment_status":"closed","ping_status":"closed","template":"fullwidth.php","meta":{"footnotes":""},"class_list":["post-11041","page","type-page","status-publish","hentry"],"_links":{"self":[{"href":"https:\/\/www.conceptole.fr\/bureau-etude-tolerie-industrielle-montpellier\/wp-json\/wp\/v2\/pages\/11041","targetHints":{"allow":["GET"]}}],"collection":[{"href":"https:\/\/www.conceptole.fr\/bureau-etude-tolerie-industrielle-montpellier\/wp-json\/wp\/v2\/pages"}],"about":[{"href":"https:\/\/www.conceptole.fr\/bureau-etude-tolerie-industrielle-montpellier\/wp-json\/wp\/v2\/types\/page"}],"author":[{"embeddable":true,"href":"https:\/\/www.conceptole.fr\/bureau-etude-tolerie-industrielle-montpellier\/wp-json\/wp\/v2\/users\/1"}],"replies":[{"embeddable":true,"href":"https:\/\/www.conceptole.fr\/bureau-etude-tolerie-industrielle-montpellier\/wp-json\/wp\/v2\/comments?post=11041"}],"version-history":[{"count":13,"href":"https:\/\/www.conceptole.fr\/bureau-etude-tolerie-industrielle-montpellier\/wp-json\/wp\/v2\/pages\/11041\/revisions"}],"predecessor-version":[{"id":14253,"href":"https:\/\/www.conceptole.fr\/bureau-etude-tolerie-industrielle-montpellier\/wp-json\/wp\/v2\/pages\/11041\/revisions\/14253"}],"wp:attachment":[{"href":"https:\/\/www.conceptole.fr\/bureau-etude-tolerie-industrielle-montpellier\/wp-json\/wp\/v2\/media?parent=11041"}],"curies":[{"name":"wp","href":"https:\/\/api.w.org\/{rel}","templated":true}]}}