{"id":13844,"date":"2023-05-29T15:56:55","date_gmt":"2023-05-29T13:56:55","guid":{"rendered":"https:\/\/www.conceptole.fr\/bureau-etude-tolerie-industrielle-montpellier\/?page_id=13844"},"modified":"2023-05-29T16:02:07","modified_gmt":"2023-05-29T14:02:07","slug":"tri-de-dechets","status":"publish","type":"page","link":"https:\/\/www.conceptole.fr\/bureau-etude-tolerie-industrielle-montpellier\/tri-de-dechets\/","title":{"rendered":"Tri de d\u00e9chets"},"content":{"rendered":"<p>[vc_row background_style=\u00a0\u00bbcover\u00a0\u00bb css=\u00a0\u00bb.vc_custom_1685348075573{margin-top: 40px !important;margin-bottom: 100px !important;}\u00a0\u00bb][vc_column width=\u00a0\u00bb1\/2&Prime; css=\u00a0\u00bb.vc_custom_1685347252297{margin-bottom: 30px !important;}\u00a0\u00bb][vc_images_carousel images=\u00a0\u00bb13846,13847,13848,13849&Prime; img_size=\u00a0\u00bbfull\u00a0\u00bb autoplay=\u00a0\u00bbyes\u00a0\u00bb][\/vc_column][vc_column width=\u00a0\u00bb1\/2&Prime;][vc_row_inner][vc_column_inner css=\u00a0\u00bb.vc_custom_1427878035332{border-top-width: 1px !important;border-right-width: 1px !important;border-bottom-width: 1px !important;border-left-width: 1px !important;padding-top: 34px !important;padding-right: 34px !important;padding-bottom: 34px !important;padding-left: 34px !important;border-left-color: rgba(0,0,0,0.1) !important;border-left-style: solid !important;border-right-color: rgba(0,0,0,0.1) !important;border-right-style: solid !important;border-top-color: rgba(0,0,0,0.1) !important;border-top-style: solid !important;border-bottom-color: rgba(0,0,0,0.1) !important;border-bottom-style: solid !important;}\u00a0\u00bb][vc_column_text]<\/p>\n<h4><strong>DATE DU PROJET : 2018<\/strong><br \/>\n<strong>DESCRIPTION<\/strong><\/h4>\n<p>Recycub est un meuble de tri s\u00e9lectif pour la collecte et le recyclage des d\u00e9chets de bureaux: il centralise en un seul lieu et un seul objet la d\u00e9pose des d\u00e9chets g\u00e9n\u00e9r\u00e9s dans le tertiaire (papier, carton, bouteilles, canettes, ampoules piles, d\u00e9chets \u00e9lectriques et \u00e9lectroniques, toner et cartouches d\u2019encres), \u00e0 l\u2019exclusion des d\u00e9chets p\u00e9rissables[\/vc_column_text][\/vc_column_inner][\/vc_row_inner][vc_column_text]<\/p>\n<h4><\/h4>\n<p>[\/vc_column_text][\/vc_column][\/vc_row]<\/p>\n","protected":false},"excerpt":{"rendered":"<p>[vc_row background_style=\u00a0\u00bbcover\u00a0\u00bb css=\u00a0\u00bb.vc_custom_1685348075573{margin-top: 40px !important;margin-bottom: 100px !important;}\u00a0\u00bb][vc_column width=\u00a0\u00bb1\/2&Prime; css=\u00a0\u00bb.vc_custom_1685347252297{margin-bottom: 30px !important;}\u00a0\u00bb][vc_images_carousel images=\u00a0\u00bb13846,13847,13848,13849&Prime; img_size=\u00a0\u00bbfull\u00a0\u00bb autoplay=\u00a0\u00bbyes\u00a0\u00bb][\/vc_column][vc_column width=\u00a0\u00bb1\/2&Prime;][vc_row_inner][vc_column_inner css=\u00a0\u00bb.vc_custom_1427878035332{border-top-width: 1px !important;border-right-width: 1px !important;border-bottom-width: 1px !important;border-left-width: 1px !important;padding-top: 34px !important;padding-right: 34px !important;padding-bottom: 34px !important;padding-left: 34px !important;border-left-color: rgba(0,0,0,0.1) !important;border-left-style: solid !important;border-right-color: rgba(0,0,0,0.1) !important;border-right-style: solid !important;border-top-color: rgba(0,0,0,0.1) !important;border-top-style: solid !important;border-bottom-color: rgba(0,0,0,0.1) !important;border-bottom-style: solid !important;}\u00a0\u00bb][vc_column_text] DATE DU PROJET : 2018 DESCRIPTION Recycub&hellip;<\/p>\n","protected":false},"author":7,"featured_media":0,"parent":0,"menu_order":0,"comment_status":"closed","ping_status":"closed","template":"","meta":{"footnotes":""},"class_list":["post-13844","page","type-page","status-publish","hentry"],"_links":{"self":[{"href":"https:\/\/www.conceptole.fr\/bureau-etude-tolerie-industrielle-montpellier\/wp-json\/wp\/v2\/pages\/13844","targetHints":{"allow":["GET"]}}],"collection":[{"href":"https:\/\/www.conceptole.fr\/bureau-etude-tolerie-industrielle-montpellier\/wp-json\/wp\/v2\/pages"}],"about":[{"href":"https:\/\/www.conceptole.fr\/bureau-etude-tolerie-industrielle-montpellier\/wp-json\/wp\/v2\/types\/page"}],"author":[{"embeddable":true,"href":"https:\/\/www.conceptole.fr\/bureau-etude-tolerie-industrielle-montpellier\/wp-json\/wp\/v2\/users\/7"}],"replies":[{"embeddable":true,"href":"https:\/\/www.conceptole.fr\/bureau-etude-tolerie-industrielle-montpellier\/wp-json\/wp\/v2\/comments?post=13844"}],"version-history":[{"count":2,"href":"https:\/\/www.conceptole.fr\/bureau-etude-tolerie-industrielle-montpellier\/wp-json\/wp\/v2\/pages\/13844\/revisions"}],"predecessor-version":[{"id":13850,"href":"https:\/\/www.conceptole.fr\/bureau-etude-tolerie-industrielle-montpellier\/wp-json\/wp\/v2\/pages\/13844\/revisions\/13850"}],"wp:attachment":[{"href":"https:\/\/www.conceptole.fr\/bureau-etude-tolerie-industrielle-montpellier\/wp-json\/wp\/v2\/media?parent=13844"}],"curies":[{"name":"wp","href":"https:\/\/api.w.org\/{rel}","templated":true}]}}