{"id":14178,"date":"2025-08-06T10:44:08","date_gmt":"2025-08-06T08:44:08","guid":{"rendered":"https:\/\/www.conceptole.fr\/bureau-etude-tolerie-industrielle-montpellier\/?page_id=14178"},"modified":"2025-08-06T11:15:56","modified_gmt":"2025-08-06T09:15:56","slug":"a-propos","status":"publish","type":"page","link":"https:\/\/www.conceptole.fr\/bureau-etude-tolerie-industrielle-montpellier\/a-propos\/","title":{"rendered":"Qui sommes nous ? v25"},"content":{"rendered":"<p>[vc_row css=\u00a0\u00bb.vc_custom_1517068055810{margin-bottom: 0px !important;padding-top: 80px !important;padding-bottom: 80px !important;background-color: #f3f2f2 !important;}\u00a0\u00bb][vc_column width=\u00a0\u00bb2\/3&Prime; css=\u00a0\u00bb.vc_custom_1429168804201{margin-bottom: 30px !important;}\u00a0\u00bb][vc_column_text el_id=\u00a0\u00bbnos-valeurs\u00a0\u00bb]<\/p>\n<h1 style=\"text-align: center; color: #ef6e23; font-weight: bold;\">\n  Qui sommes nous ?<\/h1>\n<p>[\/vc_column_text][vc_single_image image=\u00a0\u00bb12764&Prime; img_size=\u00a0\u00bb725&#215;300&Prime; alignment=\u00a0\u00bbcenter\u00a0\u00bb][vc_column_text]<\/p>\n<h3>Un savoir-faire fran\u00e7ais en bureau d&rsquo;\u00e9tudes et t\u00f4lerie industrielle<\/h3>\n<p>Situ\u00e9e aux abords de Montpellier, notre soci\u00e9t\u00e9 est sp\u00e9cialis\u00e9e depuis <strong> 2013 <\/strong> dans la conception de pi\u00e8ces et d\u2019ensembles m\u00e9talliques standardis\u00e9s ou sur mesure pour r\u00e9pondre aux demandes de divers secteurs d\u2019activit\u00e9s. <strong>Nous sommes capables de r\u00e9pondre aux besoins de chacun allant de l\u2019\u00e9tude jusqu\u2019\u00e0 la fabrication d\u2019un produit<\/strong><\/p>\n<p style=\"color: #ef6e23;\"><strong>NOTRE OBJECTIF ? VOTRE SATISFACTION <\/strong><\/p>\n<p>Nous sommes sp\u00e9cialis\u00e9s dans la r\u00e9alisation de pi\u00e8ces ou d&rsquo;ensembles m\u00e9talliques <strong>standardis\u00e9s ou sur mesure<\/strong> pour tous les secteurs d&rsquo;activit\u00e9.<\/p>\n<p>Notre bureau d&rsquo;\u00e9tude se trouve \u00e0 Montpellier ainsi que notre atelier de fabrication en t\u00f4lerie fine, t\u00f4lerie industrielle et m\u00e9cano-soudure. Nous assurons le processus <strong>de A \u00e0 Z<\/strong>, du cahier des charges au montage et \u00e0 l&rsquo;int\u00e9gration du produit fini.<\/p>\n<p>Nous sommes soucieux de garantir \u00e0 tous nos clients une haute qualit\u00e9 pour nos produits ainsi qu\u2019un respect des d\u00e9lais de fabrication. Ces crit\u00e8res sont toute la force de Conceptole Industrie et font de nous une <strong>entreprise de confiance<\/strong>.<\/p>\n<p>[\/vc_column_text][vc_empty_space][vc_single_image source=\u00a0\u00bbexternal_link\u00a0\u00bb alignment=\u00a0\u00bbcenter\u00a0\u00bb custom_src=\u00a0\u00bbhttps:\/\/www.conceptole.fr\/bureau-etude-tolerie-industrielle-montpellier\/wp-content\/uploads\/2025\/08\/Design-sans-titre-7-1.png\u00a0\u00bb][vc_empty_space][vc_empty_space][vc_column_text]<\/p>\n<p style=\"color: #ef6e23;\"><strong>TECHNOLOGIE : LA QUALIT\u00c9 DE NOS HOMMES ET DE NOS MACHINES \u00c0 VOTRE SERVICE <\/strong><\/p>\n<p>Nous mettons en place une fa\u00e7on nouvelle d&rsquo;organiser les moyens de production pour une usine <strong> intelligente, plus flexible, plus efficace et plus responsable<\/strong>.<\/p>\n<p>Afin d\u2019optimiser les facteurs de production, nous tendons \u00e0 nous d\u00e9velopper vers une entreprise plus connect\u00e9e en suivant le mod\u00e8le de l\u2019industrie 4.0.<br \/>\nCe mod\u00e8le s\u2019inscrit dans une dynamique d\u2019\u00e9volution de la productivit\u00e9 et vise \u00e0 renforcer notre flexibilit\u00e9.<\/p>\n<p>Toute cette d\u00e9marche s\u2019inscrit dans l\u2019optique de garantir le service le plus adapt\u00e9 \u00e0 vos exigences et le plus efficace.<\/p>\n<p>[\/vc_column_text][\/vc_column][vc_column width=\u00a0\u00bb1\/3&Prime;][vc_single_image source=\u00a0\u00bbexternal_link\u00a0\u00bb external_img_size=\u00a0\u00bb305&#215;1294&Prime; custom_src=\u00a0\u00bbhttps:\/\/www.conceptole.fr\/bureau-etude-tolerie-industrielle-montpellier\/wp-content\/uploads\/2025\/08\/Organigramme-conceptole-site-web-3.png\u00a0\u00bb][\/vc_column][\/vc_row][vc_row background_style=\u00a0\u00bbcover\u00a0\u00bb css=\u00a0\u00bb.vc_custom_1427773377771{margin-top: 20px !important;}\u00a0\u00bb][vc_column][vc_raw_html]JTNDYSUyMG5hbWUlM0QlMjJjaGlmZnJlcyUyMiUzRSUzQyUyRmElM0U=[\/vc_raw_html][vc_text_separator title=\u00a0\u00bbNotre histoire en quelques chiffres\u00a0\u00bb el_id=\u00a0\u00bbnotre-histoire\u00a0\u00bb][vc_empty_space][vc_raw_html]JTNDYSUyMG5hbWUlM0QlMjJjaGlmZnJlcyUyMiUzRSUzQyUyRmElM0U=[\/vc_raw_html][\/vc_column][\/vc_row][vc_row background_style=\u00a0\u00bbcover\u00a0\u00bb][vc_column][vc_tta_tabs color=\u00a0\u00bborange\u00a0\u00bb autoplay=\u00a0\u00bb4&Prime; active_section=\u00a0\u00bb1&Prime;][vc_tta_section title=\u00a0\u00bb2013&Prime; tab_id=\u00a0\u00bb1754398930458-2823190c-b795&Prime;][vc_column_text]<\/p>\n<h1><span class=\"primary_color_text\">2013<\/span><\/h1>\n<h4>CA : 1,2 M\u20ac.<\/p>\n<p>Effectif : 22 personnes.<\/h4>\n<p>Dur\u00e9e exercice :  7 mois<\/p>\n<p>Apr\u00e8s avoir repris l\u2019entreprise SUC r\u00e9alisation \u00e0 la barre du tribunal de Commerce de Montpellier le 19\/06\/2013, plusieurs actions ont directement \u00e9t\u00e9 mises en place :<\/p>\n<ul>\n<li>Renforcement du BE gr\u00e2ce au recrutement de 2 dessinateurs suppl\u00e9mentaires<\/li>\n<li>Changement parc informatique et serveur &#8211; Investissement de 25 k\u20ac<\/li>\n<li>Apdoption de licences Nouveau Logiciel CAO Top Solid &#8211; Investissement de 13 k\u20ac<\/li>\n<\/ul>\n<p>[\/vc_column_text][\/vc_tta_section][vc_tta_section title=\u00a0\u00bb2014&Prime; tab_id=\u00a0\u00bb1754398930458-b2ba8ada-31d2&Prime;][vc_column_text]<\/p>\n<h1><span class=\"primary_color_text\">2014<\/span><\/h1>\n<h4>CA : 2,4 M\u20ac.<\/p>\n<p>Effectif : 25 personnes.<\/h4>\n<p>De nouveaux investissements ont \u00e9t\u00e9 r\u00e9alis\u00e9s :<\/p>\n<ul>\n<li>Automatisation de la machine de d\u00e9coupe par poin\u00e7onnage &#8211; Investissement 150 k\u20ac<\/li>\n<li>Achat d&rsquo;une sertisseuse avec amenage automatique de goujons &#8211; Investissement 45 k\u20ac<\/li>\n<li>Optimisation du flux de production par un r\u00e9am\u00e9nagement de l&rsquo;espace et des machines<\/li>\n<\/ul>\n<p>[\/vc_column_text][\/vc_tta_section][vc_tta_section title=\u00a0\u00bb2015&Prime; tab_id=\u00a0\u00bb1754398960008-b2443237-fa20&Prime;][vc_column_text]<\/p>\n<h1><span class=\"primary_color_text\">2015<\/span><\/h1>\n<h4>CA : 3.2 M\u20ac.<\/p>\n<p>Effectif : 30 personnes.<\/h4>\n<p>Une panne laser a engendr\u00e9 un surco\u00fbt de sous-traitance de 90 k\u20ac et des co\u00fbts de r\u00e9paration s&rsquo;\u00e9levant \u00e0 50 k\u20ac<\/p>\n<p>Mais en parall\u00e8le, de nombreux investissements ont \u00e9t\u00e9 faits pour accompagner la croissance de la soci\u00e9t\u00e9 :<\/p>\n<ul>\n<li>Achat d&rsquo;une machine : laser Salvagnini fibre L3 &#8211; Investissement : 500 k\u20ac<\/li>\n<li>Achat d&rsquo;une plieuse Amada&nbsp;3M 110T &#8211; Investissement 135 k\u20ac<\/li>\n<li>Achat de torches aspirantes sur les 6 postes de soudure &#8211; Investissement 13 k\u20ac<\/li>\n<li>Achat d&rsquo;un pistolet automatique de soudure de goujons par d\u00e9charge \u00e9lectrique &#8211; Investissement 17 k\u20ac<\/li>\n<li>Achat d&rsquo;un chariot \u00e9l\u00e9vateur 3T &#8211; Investissement 20 k\u20ac<\/li>\n<li>Achat d&rsquo;un 2<sup>\u00e8me<\/sup> compresseur en sauvegarde &#8211; Investissement 9 k\u20ac<\/li>\n<li>Achat d&rsquo;une licence pour un 2<sup>\u00e8me<\/sup> logiciel de CAO Space Claim &#8211; Investissement 5 k\u20ac<\/li>\n<\/ul>\n<p>[\/vc_column_text][\/vc_tta_section][vc_tta_section title=\u00a0\u00bb2016&Prime; tab_id=\u00a0\u00bb1754398961962-def873c4-e02c\u00a0\u00bb][vc_column_text]<\/p>\n<h1><span class=\"primary_color_text\">2016<\/span><\/h1>\n<h4>CA : 3,95 M\u20ac.<\/p>\n<p>Effectif : 35 personnes.<\/h4>\n<p>L&rsquo;ann\u00e9e 2016 a \u00e9t\u00e9 marqu\u00e9e par une hausse du co\u00fbt de la mati\u00e8re \u00e0 partir du mois de juin&nbsp;impactant notre marge \u00e0 hauteur de 80 k\u20ac<\/p>\n<p>Les investissements r\u00e9alis\u00e9s sont :<\/p>\n<ul>\n<li>La r\u00e9implantation globale des ateliers &#8211; Investissement 10 k\u20ac<\/li>\n<li>Achat de mat\u00e9riels de manutention &#8211; Investissement 11 k\u20ac<\/li>\n<li>Achat de petits mat\u00e9riels de montage &#8211; Investissement 25 k\u20ac<\/li>\n<\/ul>\n<p>[\/vc_column_text][\/vc_tta_section][vc_tta_section title=\u00a0\u00bb2017&Prime; tab_id=\u00a0\u00bb1754398963756-fdf994bd-dfb1&Prime;][vc_column_text]<\/p>\n<h1><span class=\"primary_color_text\">2017<\/span><\/h1>\n<h4>CA : 4 M\u20ac.<\/p>\n<p>Effectif : 40 personnes.<\/h4>\n<p>La hausse de la mati\u00e8re premi\u00e8re a continu\u00e9 \u00e0 faire chuter notre marge de 80k\u20ac.<\/p>\n<p>Les investissements r\u00e9alis\u00e9s sont :<\/p>\n<ul>\n<li>Cr\u00e9ation d&rsquo;un atelier de montage sp\u00e9cifique<\/li>\n<li>Achat d&rsquo;une emballeuse automatique &#8211; Investissement 10 k\u20ac<\/li>\n<li>Achat d&rsquo;une presse \u00e0 balle &#8211; Investissement 6 k\u20ac<\/li>\n<\/ul>\n<p>[\/vc_column_text][\/vc_tta_section][vc_tta_section title=\u00a0\u00bb2018&Prime; tab_id=\u00a0\u00bb1754398965464-a7c3f730-9223&Prime;][vc_column_text]<\/p>\n<h1><span class=\"primary_color_text\">2018<\/span><\/h1>\n<h4>CA : 4.15 M\u20ac.<\/p>\n<p>Effectif : 40 personnes.<\/h4>\n<p>Les investissements r\u00e9alis\u00e9s sont :<\/p>\n<ul>\n<li>Mise en place d&rsquo;une ligne de d\u00e9coupe par poin\u00e7onnage &#8211; Investissement 800 k\u20ac<\/li>\n<\/ul>\n<p>[\/vc_column_text][\/vc_tta_section][vc_tta_section title=\u00a0\u00bb2019&Prime; tab_id=\u00a0\u00bb1754398967260-e7eaab61-ee73&Prime;][vc_column_text]<\/p>\n<h1><span class=\"primary_color_text\">2019<\/span><\/h1>\n<h4>CA : 5.18 M\u20ac.<\/p>\n<p>Effectif : 45 personnes.<\/h4>\n<p>Les investissements r\u00e9alis\u00e9s sont : :<\/p>\n<ul>\n<li>Achat d&rsquo;une panneauteuse et table \u00e0 commande num\u00e9rique de pose des goujons par d\u00e9charge de condensateur &#8211; Investissement &#8211; 700 k\u20ac<\/li>\n<\/ul>\n<p>[\/vc_column_text][\/vc_tta_section][vc_tta_section title=\u00a0\u00bb2020&Prime; tab_id=\u00a0\u00bb1754398969188-3f812508-6d56&Prime;][vc_column_text]<\/p>\n<h1><span class=\"primary_color_text\">2020<\/span><\/h1>\n<h4>CA : 5.805 M\u20ac.<\/p>\n<p>Effectif : 50 personnes.<\/h4>\n<p>Nous avons obtenu un march\u00e9 important d&rsquo;armoires t\u00e9l\u00e9com, face au g\u00e9ant Huawei, pour (entre autres) l&rsquo;op\u00e9rateur t\u00e9l\u00e9phonique Bouygues T\u00e9l\u00e9com. Malgr\u00e9 la crise du COVID et gr\u00e2ce \u00e0 une profonde r\u00e9silience, nous avons augment\u00e9 notre production et notre CA.<\/p>\n<p>[\/vc_column_text][\/vc_tta_section][vc_tta_section title=\u00a0\u00bb2021&Prime; tab_id=\u00a0\u00bb1754398971143-0a47e358-1e2f\u00a0\u00bb][vc_column_text]<\/p>\n<h1><span class=\"primary_color_text\">2021<\/span><\/h1>\n<h4>CA : 6.4 M\u20ac.<\/p>\n<p>Effectif : 50 personnes.<\/h4>\n<p>L\u2019ann\u00e9e 2021 a \u00e9t\u00e9 marqu\u00e9e par le rachat de la soci\u00e9t\u00e9 Cannon France, t\u00f4lerie situ\u00e9e \u00e0 St Mathieu de Tr\u00e9viers au nord de Montpellier et sp\u00e9cialis\u00e9e dans la fabrication d&rsquo;armoires t\u00e9l\u00e9com.<\/p>\n<p class=\"p1\"><span class=\"s1\"><\/p>\n<p>[\/vc_column_text][\/vc_tta_section][vc_tta_section title=\u00a0\u00bb2022&Prime; tab_id=\u00a0\u00bb1754398973265-001e1687-4189&Prime;][vc_column_text]<\/p>\n<h1><span class=\"primary_color_text\">2022<\/span><\/h1>\n<h4>CA : 9 M\u20ac.<\/p>\n<p>Effectif : 50 personnes.<\/h4>\n<p>En 2022 nous pr\u00e9parons la fusion avec la soci\u00e9t\u00e9 Cannon France : acquisition d&rsquo;un nouveau b\u00e2timent et lancement des travaux au programme. Cette ann\u00e9e a \u00e9galement \u00e9t\u00e9 marqu\u00e9e par notre participation au salon Global Industrie, l&rsquo;occasion de rencontrer de nombreux acteurs du paysage industriel.<\/p>\n<p class=\"p1\"><span class=\"s1\"><\/p>\n<p>[\/vc_column_text][\/vc_tta_section][vc_tta_section title=\u00a0\u00bb2023&Prime; tab_id=\u00a0\u00bb1754398975164-909ba3d2-6ad5&Prime;][vc_column_text]<\/p>\n<h1><span class=\"primary_color_text\">2023<\/span><\/h1>\n<h4>CA : 6.88 M\u20ac.<\/p>\n<p>Effectif : 50 personnes.<\/h4>\n<p>Les soci\u00e9t\u00e9s Conceptole et Cannon France ont officiellement fusionn\u00e9 : Conceptole Industrie est n\u00e9e. Nous avons am\u00e9nag\u00e9 dans nos nouveaux locaux \u00e0 Vendargues (34), lanc\u00e9 un nouveau produit avec notre client majeur, et investi dans :<\/p>\n<ul>\n<li>Panneauteuse P4 Salvagnini<\/li>\n<li>B3 (semi-automatique) Salvagnini<\/li>\n<li>2 magasins verticaux MODULA<\/li>\n<li>Nouvelle ligne de peinture poudre<\/li>\n<li>Laser L5 Salvagnini<\/li>\n<li>Nouveau compresseur<\/li>\n<\/ul>\n<p class=\"p1\"><span class=\"s1\"><\/p>\n<p>[\/vc_column_text][\/vc_tta_section][vc_tta_section title=\u00a0\u00bb2024&Prime; tab_id=\u00a0\u00bb1754398977152-0262e1b7-6777&Prime;][vc_column_text]<\/p>\n<h1><span class=\"primary_color_text\">2024<\/span><\/h1>\n<h4>CA : 8.5 M\u20ac.<\/p>\n<p>Effectif : 50 personnes.<\/h4>\n<p>L&rsquo;ann\u00e9e 2024 est marqu\u00e9e par une r\u00e9organisation des processus au sein de l&rsquo;atelier. Avec beaucoup de r\u00e9silience, nous avons d\u00fb revoir notre organisation suite \u00e0 la fusion de Conceptole et Cannon pour que chacun trouve sa place en garantissant l&rsquo;optimisation des flux de production et le maintien de la qualit\u00e9.<\/p>\n<p>Nous nous sommes \u00e9quip\u00e9s afin de proposer une nouvelle technique de soudage : le soudage laser.<\/p>\n<ul>\n<li>Poste de soudage laser  :<\/li>\n<\/ul>\n<p class=\"p1\"><span class=\"s1\"><\/p>\n<p>[\/vc_column_text][\/vc_tta_section][\/vc_tta_tabs][vc_single_image image=\u00a0\u00bb5&Prime; img_size=\u00a0\u00bb500&#215;500&Prime;][vc_single_image image=\u00a0\u00bb5&Prime; img_size=\u00a0\u00bb500&#215;300&Prime;][\/vc_column][\/vc_row][vc_row 1=\u00a0\u00bb40px\u00a0\u00bb 2=\u00a0\u00bb!important;}\u00ab\u00a0\u00a0\u00bb background_style=\u00a0\u00bbcover\u00a0\u00bb][vc_column][vc_text_separator title=\u00a0\u00bbNotre \u00e9quipe\u00a0\u00bb][vc_raw_html]JTNDYSUyMG5hbWUlM0QlMjJlcXVpcGUlMjIlM0UlM0MlMkZhJTNF[\/vc_raw_html][vc_column_text css=\u00a0\u00bb.vc_custom_1517253318766{margin-top: 20px !important;}\u00a0\u00bb][\/vc_column_text][vc_single_image source=\u00a0\u00bbexternal_link\u00a0\u00bb alignment=\u00a0\u00bbcenter\u00a0\u00bb custom_src=\u00a0\u00bbhttps:\/\/lh3.googleusercontent.com\/pw\/AP1GczPjUV3RmENLtd6R5NvFFwxM0sY1_2wlXVXn47aG2RW12qwpKFYFqK3CXfyDfo2eM6tF47HoGIfTL07uKghRrtjvJWu39AJlEOYZ0tH19bn0o8wBmZDrBP0KnxsvbpIx-CEjzfb8LyDIQ9DZPUZZyrYf2Q=w1587-h1058-s-no-gm?authuser=0&Prime;][\/vc_column][\/vc_row][vc_row background_style=\u00a0\u00bbcover\u00a0\u00bb css=\u00a0\u00bb.vc_custom_1427773696059{margin-top: 40px !important;}\u00a0\u00bb][vc_column][vc_column_text css=\u00a0\u00bb.vc_custom_1517253329476{margin-top: 20px !important;}\u00a0\u00bb][\/vc_column_text][vc_text_separator title=\u00a0\u00bbOrganigramme \u00a0\u00bb el_id=\u00a0\u00bbnotre-equipe\u00a0\u00bb][\/vc_column][\/vc_row][vc_row background_style=\u00a0\u00bbcover\u00a0\u00bb css=\u00a0\u00bb.vc_custom_1513778019948{margin-bottom: 100px !important;}\u00a0\u00bb][vc_column css=\u00a0\u00bb.vc_custom_1513778067210{margin-bottom: 40px !important;}\u00a0\u00bb][vc_empty_space][vc_empty_space][vc_single_image source=\u00a0\u00bbexternal_link\u00a0\u00bb custom_src=\u00a0\u00bbhttps:\/\/www.conceptole.fr\/bureau-etude-tolerie-industrielle-montpellier\/wp-content\/uploads\/2025\/08\/Organigramme-conceptole-site-web-1.png\u00a0\u00bb][vc_single_image image=\u00a0\u00bb5&Prime; img_size=\u00a0\u00bb500&#215;500&Prime;][\/vc_column][\/vc_row][vc_row][vc_column][\/vc_column][\/vc_row]<\/p>\n","protected":false},"excerpt":{"rendered":"<p>[vc_row css=\u00a0\u00bb.vc_custom_1517068055810{margin-bottom: 0px !important;padding-top: 80px !important;padding-bottom: 80px !important;background-color: #f3f2f2 !important;}\u00a0\u00bb][vc_column width=\u00a0\u00bb2\/3&Prime; css=\u00a0\u00bb.vc_custom_1429168804201{margin-bottom: 30px !important;}\u00a0\u00bb][vc_column_text el_id=\u00a0\u00bbnos-valeurs\u00a0\u00bb] Qui sommes nous ? [\/vc_column_text][vc_single_image image=\u00a0\u00bb12764&Prime; img_size=\u00a0\u00bb725&#215;300&Prime; alignment=\u00a0\u00bbcenter\u00a0\u00bb][vc_column_text] Un savoir-faire fran\u00e7ais en bureau d&rsquo;\u00e9tudes et t\u00f4lerie industrielle Situ\u00e9e aux abords de Montpellier, notre soci\u00e9t\u00e9 est sp\u00e9cialis\u00e9e depuis 2013 dans la conception de pi\u00e8ces et d\u2019ensembles m\u00e9talliques standardis\u00e9s ou sur mesure&hellip;<\/p>\n","protected":false},"author":1,"featured_media":0,"parent":0,"menu_order":0,"comment_status":"closed","ping_status":"closed","template":"fullwidth.php","meta":{"footnotes":""},"class_list":["post-14178","page","type-page","status-publish","hentry"],"_links":{"self":[{"href":"https:\/\/www.conceptole.fr\/bureau-etude-tolerie-industrielle-montpellier\/wp-json\/wp\/v2\/pages\/14178","targetHints":{"allow":["GET"]}}],"collection":[{"href":"https:\/\/www.conceptole.fr\/bureau-etude-tolerie-industrielle-montpellier\/wp-json\/wp\/v2\/pages"}],"about":[{"href":"https:\/\/www.conceptole.fr\/bureau-etude-tolerie-industrielle-montpellier\/wp-json\/wp\/v2\/types\/page"}],"author":[{"embeddable":true,"href":"https:\/\/www.conceptole.fr\/bureau-etude-tolerie-industrielle-montpellier\/wp-json\/wp\/v2\/users\/1"}],"replies":[{"embeddable":true,"href":"https:\/\/www.conceptole.fr\/bureau-etude-tolerie-industrielle-montpellier\/wp-json\/wp\/v2\/comments?post=14178"}],"version-history":[{"count":22,"href":"https:\/\/www.conceptole.fr\/bureau-etude-tolerie-industrielle-montpellier\/wp-json\/wp\/v2\/pages\/14178\/revisions"}],"predecessor-version":[{"id":14237,"href":"https:\/\/www.conceptole.fr\/bureau-etude-tolerie-industrielle-montpellier\/wp-json\/wp\/v2\/pages\/14178\/revisions\/14237"}],"wp:attachment":[{"href":"https:\/\/www.conceptole.fr\/bureau-etude-tolerie-industrielle-montpellier\/wp-json\/wp\/v2\/media?parent=14178"}],"curies":[{"name":"wp","href":"https:\/\/api.w.org\/{rel}","templated":true}]}}