{"id":2,"date":"2017-12-19T10:25:59","date_gmt":"2017-12-19T09:25:59","guid":{"rendered":"http:\/\/www.conceptole.fr\/?page_id=2"},"modified":"2018-01-31T16:04:57","modified_gmt":"2018-01-31T15:04:57","slug":"mentions-legales","status":"publish","type":"page","link":"https:\/\/www.conceptole.fr\/bureau-etude-tolerie-industrielle-montpellier\/mentions-legales\/","title":{"rendered":"Mentions l\u00e9gales"},"content":{"rendered":"<p><strong>Propri\u00e9taire du site<br \/>\n<\/strong>Le site Conceptole.fr est la propri\u00e9t\u00e9 de la soci\u00e9t\u00e9 :<\/p>\n<p>SARL CONCEPTOLE<br \/>\nSIREN\u00a0 : 519 009 591<br \/>\nRCS Montpellier<br \/>\nDirecteur de la publication : M. Laurent Chaptal<br \/>\n255 Avenue De Montpellier<br \/>\n34740 Vendargues<\/p>\n<p>T\u00e9l : +33 (0)4 67 70 05 10<br \/>\nFax : +33 (0)4 67 87 24 37<\/p>\n<p>Email : contact@conceptole.fr ou\u00a0<a title=\"Formulaire de contact Conceptole\" href=\"http:\/\/www.conceptole.fr\/contact-us\/\">Formulaire de contact<\/a><\/p>\n<p>Droit d&rsquo;auteur :<br \/>\nTous les illustrations et photographies utilis\u00e9s sur le site Conceptole.fr sont soumises au droit de copie et ne peuvent \u00eatre utilis\u00e9es sans le consentement \u00e9crit de Conceptole ou des auteurs sp\u00e9cifi\u00e9s ci-dessous :<\/p>\n<p>Droit d&rsquo;auteur: <a href=\"https:\/\/fr.123rf.com\/profile_futrozen\" target=\"_blank\" rel=\"noopener noreferrer\">futrozen \/ 123RF Banque d&rsquo;images<\/a><\/p>\n<p><strong>H\u00e9bergeur du site<br \/>\n<\/strong>Le site Conceptole.fr est h\u00e9berg\u00e9 par la soci\u00e9t\u00e9 <a title=\"Gandi\" href=\"http:\/\/www.gandi.net\" target=\"_blank\" rel=\"noopener noreferrer\">Gandi<\/a>:<br \/>\n63-65 boulevard Mass\u00e9na \u00e0 Paris (75013) FRANCE,<br \/>\n<strong>Prestataires<br \/>\n<\/strong>Ce site internet est r\u00e9alis\u00e9 par la soci\u00e9t\u00e9 <a href=\"http:\/\/www.innoa.fr\/\" target=\"_blank\" rel=\"noopener noreferrer\">Innoa.<\/a><\/p>\n","protected":false},"excerpt":{"rendered":"<p>Propri\u00e9taire du site Le site Conceptole.fr est la propri\u00e9t\u00e9 de la soci\u00e9t\u00e9 : SARL CONCEPTOLE SIREN\u00a0 : 519 009 591 RCS Montpellier Directeur de la publication : M. Laurent Chaptal 255 Avenue De Montpellier 34740 Vendargues T\u00e9l : +33 (0)4 67 70 05 10 Fax : +33 (0)4 67 87 24 37 Email : contact@conceptole.fr&hellip;<\/p>\n","protected":false},"author":1,"featured_media":0,"parent":0,"menu_order":0,"comment_status":"closed","ping_status":"open","template":"","meta":{"footnotes":""},"class_list":["post-2","page","type-page","status-publish","hentry"],"_links":{"self":[{"href":"https:\/\/www.conceptole.fr\/bureau-etude-tolerie-industrielle-montpellier\/wp-json\/wp\/v2\/pages\/2","targetHints":{"allow":["GET"]}}],"collection":[{"href":"https:\/\/www.conceptole.fr\/bureau-etude-tolerie-industrielle-montpellier\/wp-json\/wp\/v2\/pages"}],"about":[{"href":"https:\/\/www.conceptole.fr\/bureau-etude-tolerie-industrielle-montpellier\/wp-json\/wp\/v2\/types\/page"}],"author":[{"embeddable":true,"href":"https:\/\/www.conceptole.fr\/bureau-etude-tolerie-industrielle-montpellier\/wp-json\/wp\/v2\/users\/1"}],"replies":[{"embeddable":true,"href":"https:\/\/www.conceptole.fr\/bureau-etude-tolerie-industrielle-montpellier\/wp-json\/wp\/v2\/comments?post=2"}],"version-history":[{"count":3,"href":"https:\/\/www.conceptole.fr\/bureau-etude-tolerie-industrielle-montpellier\/wp-json\/wp\/v2\/pages\/2\/revisions"}],"predecessor-version":[{"id":13150,"href":"https:\/\/www.conceptole.fr\/bureau-etude-tolerie-industrielle-montpellier\/wp-json\/wp\/v2\/pages\/2\/revisions\/13150"}],"wp:attachment":[{"href":"https:\/\/www.conceptole.fr\/bureau-etude-tolerie-industrielle-montpellier\/wp-json\/wp\/v2\/media?parent=2"}],"curies":[{"name":"wp","href":"https:\/\/api.w.org\/{rel}","templated":true}]}}